{"id":1776,"date":"2019-03-28T17:03:16","date_gmt":"2019-03-28T17:03:16","guid":{"rendered":"https:\/\/wakeupeurope.eu\/?page_id=1776"},"modified":"2019-04-08T17:20:55","modified_gmt":"2019-04-08T17:20:55","slug":"il-festival","status":"publish","type":"page","link":"https:\/\/www.theweproject.eu\/it\/il-festival\/","title":{"rendered":"IL FESTIVAL DI WAKE UP EUROPE"},"content":{"rendered":"<p><a class=\"button\" title=\"Read this in English\" href=\"\/it\/festival\/\" target=\"blank\" rel=\"noopener noreferrer\">READ THIS IN ENGLISH<\/a><\/p>\n<p>L&#8217;Europa \u00e8 a un bivio. In ogni angolo del nostro continente immensi cambiamenti &#8211; dalla disuguaglianza economica, all&#8217;invecchiamento della popolazione, ai cambiamenti climatici, all&#8217;insicurezza e alla crisi dei rifugiati e dei migranti &#8211; rappresentano una sfida esistenziale per il nostro futuro.<\/p>\n<p>Da troppo tempo ormai, l&#8217;Europa \u00e8 sonnambula su una strada che ricorda i momenti pi\u00f9 bui del suo passato. Ma siamo ancora in tempo per cambiare direzione. Vorremmo che tu ti unissi a noi mentre facciamo questo primo passo nel tracciare un percorso migliore.<\/p>\n<h2>DOVE ACCADRA&#8217;?<\/h2>\n<p>A Maggio 2019 il primo WAKE UP EUROPE Festival riunir\u00e0 film d&#8217;avanguardia, giornalismo, dibattiti dal vivo e musica &#8211; tutti volti a stimolare I cittadini europei, in particolare I piu\u2019 giovani a capire come affrontare le sfide comuni che affrontiamo insieme.<\/p>\n<p>Puoi partecipare di persona al nostro festival principale a Torino dal 17 al 19 maggio, oppure partecipare a uno dei nostri eventi satellite in altri paesi europei, oppure unirti a noi sui social media e online.<\/p>\n<h2>PERCH\u00c9 ORA?<\/h2>\n<p>A pochi giorni dalle elezioni europee, il Festival WAKE UP EUROPE user\u00e0 film documentari all&#8217;avanguardia per risvegliare la coscienza civica attraversando il nostro continente e creando uno spazio condiviso di riflessione.<\/p>\n<p>I film si concentreranno su alcune delle questioni pi\u00f9 urgenti del nostro tempo, offrendo nuove prospettive su ogni argomento, esplorando al contempo cosa possiamo fare per affrontarle a livello europeo, o nazionale. Questi film saranno presentati insieme a dibattiti di alto profilo, progetti interattivi e musica per ispirare all&#8217;azione.<\/p>\n<p>WAKE UP EUROPE chieder\u00e0 anche cosa c&#8217;\u00e8 di sbagliato nell&#8217;UE e in che modo l&#8217;Europa pu\u00f2 migliorare nell&#8217;affrontare questi problemi.<\/p>\n<p><a class=\"button\" title=\"Get tickets here\" href=\"\/it\/films\/\" target=\"blank\" rel=\"noopener noreferrer\">SCOPRI I PRIMI FILM CONFERMATI<\/a><\/p>\n<h2>COME POSSO ESSERE COINVOLTO?<\/h2>\n<p>Oltre all&#8217;evento principale di tre giorni nello storico laboratorio culturale di Torino, altri eventi satellite si svolgeranno in tutta Europa e una serie di azioni online aprir\u00e0 dibattiti e dialoghi a un pubblico digitale.<\/p>\n<p>Ti piacerebbe ospitare un evento satellite nella citt\u00e0 in cui ti trovi? Mandaci un messaggio su <a href=\"mailto:festival@thewakeupfoundation.eu\">festival@thewakeupfoundation.eu<\/a>\u00a0o seguendo le istruzioni <a href=\"https:\/\/www.theweproject.eu\/it\/join-our-movement\/\">qui<\/a>.<\/p>\n<p>Questo festival unico e ambizioso \u00e8 aperto a tutti, ma siamo particolarmente desiderosi di accogliere i nuovi elettori e i giovani cittadini europei, quelli il cui futuro sar\u00e0 maggiormente influenzato dal modo in cui affronteremo le sfide che ci attendono.<\/p>\n<p>Il nostro obiettivo \u00e8 quello di unire e alzare il volume in modo che le nuove voci europee, pronte per il cambiamento, saranno ascoltate a Bruxelles, Strasburgo, Berlino, Parigi, Roma e oltre.<\/p>\n<h2>PUOI ESSERE IL PRIMO A SAPERLO<\/h2>\n<p>Interessato? Assicurati di non perdere i nostri aggiornamenti.<\/p>\n<p>* indicazione richiesta<\/p>\n<p>Indirizzo email *<br \/>\n<input id=\"mce-EMAIL\" class=\"required email\" name=\"EMAIL\" type=\"email\" value=\"\" \/><\/p>\n<p>Nome<br \/>\n<input id=\"mce-FNAME\" class=\"\" name=\"FNAME\" type=\"text\" value=\"\" \/><\/p>\n<p>Cognome<br \/>\n<input id=\"mce-LNAME\" class=\"\" name=\"LNAME\" type=\"text\" value=\"\" \/><\/p>\n<div id=\"mergeRow-gdpr\" class=\"mergeRow gdpr-mergeRow content__gdprBlock mc-field-group\">\n<div class=\"content__gdpr\">\n<p>Per favore, seleziona il modo in cui vorresti essere aggiornato da The Wake Up Foundation:<\/p>\n<p><label class=\"checkbox subfield\" for=\"gdpr_34365\"><input id=\"gdpr_34365\" class=\"av-checkbox gdpr\" name=\"gdpr[34365]\" type=\"checkbox\" value=\"Y\" \/>Email <\/label><label class=\"checkbox subfield\" for=\"gdpr_34373\"><input id=\"gdpr_34373\" class=\"av-checkbox gdpr\" name=\"gdpr[34373]\" type=\"checkbox\" value=\"Y\" \/>Pubblicit\u00e0 online personalizzata<\/label><\/p>\n<\/div>\n<p>\u00c8 possibile annullare l&#8217;iscrizione in qualsiasi momento facendo clic sul collegamento nel pi\u00e8 di pagina delle nostre e-mail. <a href=\"https:\/\/box5491.temp.domains\/~thewake8\/privacy-policy\/\">La nostra politica sulla privacy pu\u00f2 essere trovata qui.<\/a><\/p>\n<p>Usiamo Mailchimp come nostra piattaforma di posta elettronica. Cliccando sotto per iscriverti, riconosci che le tue informazioni saranno trasferite a Mailchimp per l&#8217;elaborazione. <a href=\"https:\/\/mailchimp.com\/legal\/\">Scopri di pi\u00f9 sulle pratiche sulla privacy di Mailchimp qui.<\/a><\/p>\n<\/div>\n<div id=\"mce-responses\" class=\"clear\">\n<div id=\"mce-error-response\" class=\"response\" style=\"display: none;\"><\/div>\n<div id=\"mce-success-response\" class=\"response\" style=\"display: none;\"><\/div>\n<\/div>\n<p><!-- real people should not fill this in and expect good things - do not remove this or risk form bot signups--><\/p>\n<div style=\"position: absolute; left: -5000px;\" aria-hidden=\"true\"><input tabindex=\"-1\" name=\"b_045459f4b3b314768d6f2b63a_a7625c0989\" type=\"text\" value=\"\" \/><\/div>\n<div class=\"clear\"><input id=\"mc-embedded-subscribe\" class=\"button\" name=\"subscribe\" type=\"submit\" value=\"registrati e svegliamo l\u2019Europa insieme!\" \/><\/div>\n<p><!--End mc_embed_signup--><\/p>\n<p>&nbsp;<\/p>","protected":false},"excerpt":{"rendered":"<p>READ THIS IN ENGLISH L&#8217;Europa \u00e8 a un bivio. In ogni angolo del nostro continente immensi cambiamenti &#8211; dalla disuguaglianza economica, all&#8217;invecchiamento della popolazione, ai cambiamenti climatici, all&#8217;insicurezza e alla crisi dei rifugiati e dei migranti &#8211; rappresentano una sfida esistenziale per il nostro futuro. Da troppo tempo ormai, l&#8217;Europa \u00e8 sonnambula su una strada [&hellip;]<\/p>","protected":false},"author":78,"featured_media":1788,"parent":0,"menu_order":0,"comment_status":"closed","ping_status":"closed","template":"","meta":{"_acf_changed":false,"footnotes":""},"class_list":["post-1776","page","type-page","status-publish","has-post-thumbnail","hentry"],"acf":[],"yoast_head":"<!-- This site is optimized with the Yoast SEO plugin v26.9 - https:\/\/yoast.com\/product\/yoast-seo-wordpress\/ -->\n<title>IL FESTIVAL DI WAKE UP EUROPE - Wake Up Europe!<\/title>\n<meta name=\"robots\" content=\"index, follow, max-snippet:-1, max-image-preview:large, max-video-preview:-1\" \/>\n<link rel=\"canonical\" href=\"https:\/\/www.theweproject.eu\/it\/il-festival\/\" \/>\n<meta property=\"og:locale\" content=\"it_IT\" \/>\n<meta property=\"og:type\" content=\"article\" \/>\n<meta property=\"og:title\" content=\"IL FESTIVAL DI WAKE UP EUROPE - Wake Up Europe!\" \/>\n<meta property=\"og:description\" content=\"READ THIS IN ENGLISH L&#8217;Europa \u00e8 a un bivio. In ogni angolo del nostro continente immensi cambiamenti &#8211; dalla disuguaglianza economica, all&#8217;invecchiamento della popolazione, ai cambiamenti climatici, all&#8217;insicurezza e alla crisi dei rifugiati e dei migranti &#8211; rappresentano una sfida esistenziale per il nostro futuro. Da troppo tempo ormai, l&#8217;Europa \u00e8 sonnambula su una strada [&hellip;]\" \/>\n<meta property=\"og:url\" content=\"https:\/\/www.theweproject.eu\/it\/il-festival\/\" \/>\n<meta property=\"og:site_name\" content=\"Wake Up Europe!\" \/>\n<meta property=\"article:publisher\" content=\"https:\/\/www.facebook.com\/WakingUpEurope\/\" \/>\n<meta property=\"article:modified_time\" content=\"2019-04-08T17:20:55+00:00\" \/>\n<meta property=\"og:image\" content=\"https:\/\/www.theweproject.eu\/wp-content\/uploads\/2019\/03\/WUE_Festival_event_intro_image.jpg\" \/>\n\t<meta property=\"og:image:width\" content=\"1280\" \/>\n\t<meta property=\"og:image:height\" content=\"832\" \/>\n\t<meta property=\"og:image:type\" content=\"image\/jpeg\" \/>\n<meta name=\"twitter:card\" content=\"summary_large_image\" \/>\n<meta name=\"twitter:site\" content=\"@Wake_up_Europe\" \/>\n<meta name=\"twitter:label1\" content=\"Tempo di lettura stimato\" \/>\n\t<meta name=\"twitter:data1\" content=\"3 minuti\" \/>\n<script type=\"application\/ld+json\" class=\"yoast-schema-graph\">{\"@context\":\"https:\/\/schema.org\",\"@graph\":[{\"@type\":\"WebPage\",\"@id\":\"https:\/\/www.theweproject.eu\/il-festival\/\",\"url\":\"https:\/\/www.theweproject.eu\/il-festival\/\",\"name\":\"IL FESTIVAL DI WAKE UP EUROPE - Wake Up Europe!\",\"isPartOf\":{\"@id\":\"https:\/\/www.theweproject.eu\/#website\"},\"primaryImageOfPage\":{\"@id\":\"https:\/\/www.theweproject.eu\/il-festival\/#primaryimage\"},\"image\":{\"@id\":\"https:\/\/www.theweproject.eu\/il-festival\/#primaryimage\"},\"thumbnailUrl\":\"https:\/\/www.theweproject.eu\/wp-content\/uploads\/2019\/03\/WUE_Festival_event_intro_image.jpg\",\"datePublished\":\"2019-03-28T17:03:16+00:00\",\"dateModified\":\"2019-04-08T17:20:55+00:00\",\"breadcrumb\":{\"@id\":\"https:\/\/www.theweproject.eu\/il-festival\/#breadcrumb\"},\"inLanguage\":\"it-IT\",\"potentialAction\":[{\"@type\":\"ReadAction\",\"target\":[\"https:\/\/www.theweproject.eu\/il-festival\/\"]}]},{\"@type\":\"ImageObject\",\"inLanguage\":\"it-IT\",\"@id\":\"https:\/\/www.theweproject.eu\/il-festival\/#primaryimage\",\"url\":\"https:\/\/www.theweproject.eu\/wp-content\/uploads\/2019\/03\/WUE_Festival_event_intro_image.jpg\",\"contentUrl\":\"https:\/\/www.theweproject.eu\/wp-content\/uploads\/2019\/03\/WUE_Festival_event_intro_image.jpg\",\"width\":1280,\"height\":832},{\"@type\":\"BreadcrumbList\",\"@id\":\"https:\/\/www.theweproject.eu\/il-festival\/#breadcrumb\",\"itemListElement\":[{\"@type\":\"ListItem\",\"position\":1,\"name\":\"Home\",\"item\":\"https:\/\/www.theweproject.eu\/\"},{\"@type\":\"ListItem\",\"position\":2,\"name\":\"IL FESTIVAL DI WAKE UP EUROPE\"}]},{\"@type\":\"WebSite\",\"@id\":\"https:\/\/www.theweproject.eu\/#website\",\"url\":\"https:\/\/www.theweproject.eu\/\",\"name\":\"Wake Up Europe!\",\"description\":\"Help us to Wake Up Europe! Organize a screening and debate.\",\"potentialAction\":[{\"@type\":\"SearchAction\",\"target\":{\"@type\":\"EntryPoint\",\"urlTemplate\":\"https:\/\/www.theweproject.eu\/?s={search_term_string}\"},\"query-input\":{\"@type\":\"PropertyValueSpecification\",\"valueRequired\":true,\"valueName\":\"search_term_string\"}}],\"inLanguage\":\"it-IT\"}]}<\/script>\n<!-- \/ Yoast SEO plugin. -->","yoast_head_json":{"title":"IL FESTIVAL DI WAKE UP EUROPE - Wake Up Europe!","robots":{"index":"index","follow":"follow","max-snippet":"max-snippet:-1","max-image-preview":"max-image-preview:large","max-video-preview":"max-video-preview:-1"},"canonical":"https:\/\/www.theweproject.eu\/it\/il-festival\/","og_locale":"it_IT","og_type":"article","og_title":"IL FESTIVAL DI WAKE UP EUROPE - Wake Up Europe!","og_description":"READ THIS IN ENGLISH L&#8217;Europa \u00e8 a un bivio. In ogni angolo del nostro continente immensi cambiamenti &#8211; dalla disuguaglianza economica, all&#8217;invecchiamento della popolazione, ai cambiamenti climatici, all&#8217;insicurezza e alla crisi dei rifugiati e dei migranti &#8211; rappresentano una sfida esistenziale per il nostro futuro. Da troppo tempo ormai, l&#8217;Europa \u00e8 sonnambula su una strada [&hellip;]","og_url":"https:\/\/www.theweproject.eu\/it\/il-festival\/","og_site_name":"Wake Up Europe!","article_publisher":"https:\/\/www.facebook.com\/WakingUpEurope\/","article_modified_time":"2019-04-08T17:20:55+00:00","og_image":[{"width":1280,"height":832,"url":"https:\/\/www.theweproject.eu\/wp-content\/uploads\/2019\/03\/WUE_Festival_event_intro_image.jpg","type":"image\/jpeg"}],"twitter_card":"summary_large_image","twitter_site":"@Wake_up_Europe","twitter_misc":{"Tempo di lettura stimato":"3 minuti"},"schema":{"@context":"https:\/\/schema.org","@graph":[{"@type":"WebPage","@id":"https:\/\/www.theweproject.eu\/il-festival\/","url":"https:\/\/www.theweproject.eu\/il-festival\/","name":"IL FESTIVAL DI WAKE UP EUROPE - Wake Up Europe!","isPartOf":{"@id":"https:\/\/www.theweproject.eu\/#website"},"primaryImageOfPage":{"@id":"https:\/\/www.theweproject.eu\/il-festival\/#primaryimage"},"image":{"@id":"https:\/\/www.theweproject.eu\/il-festival\/#primaryimage"},"thumbnailUrl":"https:\/\/www.theweproject.eu\/wp-content\/uploads\/2019\/03\/WUE_Festival_event_intro_image.jpg","datePublished":"2019-03-28T17:03:16+00:00","dateModified":"2019-04-08T17:20:55+00:00","breadcrumb":{"@id":"https:\/\/www.theweproject.eu\/il-festival\/#breadcrumb"},"inLanguage":"it-IT","potentialAction":[{"@type":"ReadAction","target":["https:\/\/www.theweproject.eu\/il-festival\/"]}]},{"@type":"ImageObject","inLanguage":"it-IT","@id":"https:\/\/www.theweproject.eu\/il-festival\/#primaryimage","url":"https:\/\/www.theweproject.eu\/wp-content\/uploads\/2019\/03\/WUE_Festival_event_intro_image.jpg","contentUrl":"https:\/\/www.theweproject.eu\/wp-content\/uploads\/2019\/03\/WUE_Festival_event_intro_image.jpg","width":1280,"height":832},{"@type":"BreadcrumbList","@id":"https:\/\/www.theweproject.eu\/il-festival\/#breadcrumb","itemListElement":[{"@type":"ListItem","position":1,"name":"Home","item":"https:\/\/www.theweproject.eu\/"},{"@type":"ListItem","position":2,"name":"IL FESTIVAL DI WAKE UP EUROPE"}]},{"@type":"WebSite","@id":"https:\/\/www.theweproject.eu\/#website","url":"https:\/\/www.theweproject.eu\/","name":"Wake Up Europe!","description":"Help us to Wake Up Europe! Organize a screening and debate.","potentialAction":[{"@type":"SearchAction","target":{"@type":"EntryPoint","urlTemplate":"https:\/\/www.theweproject.eu\/?s={search_term_string}"},"query-input":{"@type":"PropertyValueSpecification","valueRequired":true,"valueName":"search_term_string"}}],"inLanguage":"it-IT"}]}},"_links":{"self":[{"href":"https:\/\/www.theweproject.eu\/it\/wp-json\/wp\/v2\/pages\/1776","targetHints":{"allow":["GET"]}}],"collection":[{"href":"https:\/\/www.theweproject.eu\/it\/wp-json\/wp\/v2\/pages"}],"about":[{"href":"https:\/\/www.theweproject.eu\/it\/wp-json\/wp\/v2\/types\/page"}],"author":[{"embeddable":true,"href":"https:\/\/www.theweproject.eu\/it\/wp-json\/wp\/v2\/users\/78"}],"replies":[{"embeddable":true,"href":"https:\/\/www.theweproject.eu\/it\/wp-json\/wp\/v2\/comments?post=1776"}],"version-history":[{"count":9,"href":"https:\/\/www.theweproject.eu\/it\/wp-json\/wp\/v2\/pages\/1776\/revisions"}],"predecessor-version":[{"id":1882,"href":"https:\/\/www.theweproject.eu\/it\/wp-json\/wp\/v2\/pages\/1776\/revisions\/1882"}],"wp:featuredmedia":[{"embeddable":true,"href":"https:\/\/www.theweproject.eu\/it\/wp-json\/wp\/v2\/media\/1788"}],"wp:attachment":[{"href":"https:\/\/www.theweproject.eu\/it\/wp-json\/wp\/v2\/media?parent=1776"}],"curies":[{"name":"wp","href":"https:\/\/api.w.org\/{rel}","templated":true}]}}